{"id":2510,"date":"2018-04-13T00:32:39","date_gmt":"2019-01-22T16:42:25","guid":{"rendered":"https:\/\/www.larbreaempreintes.com\/?post_type=product&#038;p=2510"},"modified":"2019-01-23T15:03:16","modified_gmt":"2019-01-23T14:03:16","slug":"larbre-des-enfants","status":"publish","type":"product","link":"https:\/\/www.larbreaempreintes.com\/en\/boutique\/larbre-des-enfants\/","title":{"rendered":"L\u2019Arbre Des Enfants"},"content":{"rendered":"<p>The canvas, mounted on a 2 cm frame, is hand painted and comes with:<\/p>\n<ul>\n<li>2 inks (choose from 20 available colours)<\/li>\n<li>1 set of letter and number stickers (choose from 4 available colours)<\/li>\n<li>Optional letter sticking for a supplement (\u20ac15): we can stick on your text for you (first names, event date)<\/li>\n<li>1 black felt-tip pen<\/li>\n<li>1 set of instructions<\/li>\n<\/ul>\n","protected":false},"excerpt":{"rendered":"<p>The branches of this tree reach up to the sky and its stars lend a lively, colourful touch to a pretty picture designed to delight children. The perfect gift for a christening, birthday party or baby shower.<\/p>\n","protected":false},"featured_media":2518,"template":"","meta":[],"product_cat":[182],"product_tag":[],"yoast_head":"<!-- This site is optimized with the Yoast SEO plugin v19.1 - https:\/\/yoast.com\/wordpress\/plugins\/seo\/ -->\n<title>L\u2019Arbre Des Enfants - L&#039;Arbre \u00e0 Empreintes - Arbre \u00e0 empreintes<\/title>\n<meta name=\"robots\" content=\"index, follow, max-snippet:-1, max-image-preview:large, max-video-preview:-1\" \/>\n<link rel=\"canonical\" href=\"https:\/\/www.larbreaempreintes.com\/en\/boutique\/larbre-des-enfants\/\" \/>\n<meta property=\"og:locale\" content=\"en_US\" \/>\n<meta property=\"og:type\" content=\"article\" \/>\n<meta property=\"og:title\" content=\"L\u2019Arbre Des Enfants - L&#039;Arbre \u00e0 Empreintes - Arbre \u00e0 empreintes\" \/>\n<meta property=\"og:description\" content=\"The branches of this tree reach up to the sky and its stars lend a lively, colourful touch to a pretty picture designed to delight children. The perfect gift for a christening, birthday party or baby shower.\" \/>\n<meta property=\"og:url\" content=\"https:\/\/www.larbreaempreintes.com\/en\/boutique\/larbre-des-enfants\/\" \/>\n<meta property=\"og:site_name\" content=\"L&#039;Arbre \u00e0 Empreintes - Arbre \u00e0 empreintes\" \/>\n<meta property=\"article:publisher\" content=\"https:\/\/www.facebook.com\/larbreaempreintes\" \/>\n<meta property=\"article:modified_time\" content=\"2019-01-23T14:03:16+00:00\" \/>\n<meta property=\"og:image\" content=\"https:\/\/www.larbreaempreintes.com\/wp-content\/uploads\/2018\/03\/larbredesenfants.jpg\" \/>\n\t<meta property=\"og:image:width\" content=\"1920\" \/>\n\t<meta property=\"og:image:height\" content=\"1282\" \/>\n\t<meta property=\"og:image:type\" content=\"image\/jpeg\" \/>\n<meta name=\"twitter:card\" content=\"summary_large_image\" \/>\n<meta name=\"twitter:site\" content=\"@arbreaempreinte\" \/>\n<script type=\"application\/ld+json\" class=\"yoast-schema-graph\">{\"@context\":\"https:\/\/schema.org\",\"@graph\":[{\"@type\":\"Organization\",\"@id\":\"https:\/\/www.larbreaempreintes.com\/#organization\",\"name\":\"L'ARBRE A EMPREINTES\",\"url\":\"https:\/\/www.larbreaempreintes.com\/\",\"sameAs\":[\"https:\/\/www.instagram.com\/larbreaempreintes\/\",\"https:\/\/www.pinterest.fr\/larbreaempreintes\/\",\"https:\/\/www.youtube.com\/channel\/UCXVTayQgFN6wMDads0CkW5Q\",\"https:\/\/www.facebook.com\/larbreaempreintes\",\"https:\/\/twitter.com\/arbreaempreinte\"],\"logo\":{\"@type\":\"ImageObject\",\"inLanguage\":\"en-US\",\"@id\":\"https:\/\/www.larbreaempreintes.com\/#\/schema\/logo\/image\/\",\"url\":\"https:\/\/www.larbreaempreintes.com\/wp-content\/uploads\/2018\/04\/logoArbreaEmpreintes-rond-1-scaled.jpg\",\"contentUrl\":\"https:\/\/www.larbreaempreintes.com\/wp-content\/uploads\/2018\/04\/logoArbreaEmpreintes-rond-1-scaled.jpg\",\"width\":2560,\"height\":2518,\"caption\":\"L'ARBRE A EMPREINTES\"},\"image\":{\"@id\":\"https:\/\/www.larbreaempreintes.com\/#\/schema\/logo\/image\/\"}},{\"@type\":\"WebSite\",\"@id\":\"https:\/\/www.larbreaempreintes.com\/#website\",\"url\":\"https:\/\/www.larbreaempreintes.com\/\",\"name\":\"L&#039;Arbre \u00e0 Empreintes - Arbre \u00e0 empreintes\",\"description\":\"Cr\u00e9ation d&#039;arbre \u00e0 empreintes, arbre \u00e0 empreintes\",\"publisher\":{\"@id\":\"https:\/\/www.larbreaempreintes.com\/#organization\"},\"potentialAction\":[{\"@type\":\"SearchAction\",\"target\":{\"@type\":\"EntryPoint\",\"urlTemplate\":\"https:\/\/www.larbreaempreintes.com\/?s={search_term_string}\"},\"query-input\":\"required name=search_term_string\"}],\"inLanguage\":\"en-US\"},{\"@type\":\"ImageObject\",\"inLanguage\":\"en-US\",\"@id\":\"https:\/\/www.larbreaempreintes.com\/en\/boutique\/larbre-des-enfants\/#primaryimage\",\"url\":\"https:\/\/www.larbreaempreintes.com\/wp-content\/uploads\/2018\/03\/larbredesenfants.jpg\",\"contentUrl\":\"https:\/\/www.larbreaempreintes.com\/wp-content\/uploads\/2018\/03\/larbredesenfants.jpg\",\"width\":1920,\"height\":1282},{\"@type\":\"WebPage\",\"@id\":\"https:\/\/www.larbreaempreintes.com\/en\/boutique\/larbre-des-enfants\/#webpage\",\"url\":\"https:\/\/www.larbreaempreintes.com\/en\/boutique\/larbre-des-enfants\/\",\"name\":\"L\u2019Arbre Des Enfants - L&#039;Arbre \u00e0 Empreintes - Arbre \u00e0 empreintes\",\"isPartOf\":{\"@id\":\"https:\/\/www.larbreaempreintes.com\/#website\"},\"primaryImageOfPage\":{\"@id\":\"https:\/\/www.larbreaempreintes.com\/en\/boutique\/larbre-des-enfants\/#primaryimage\"},\"datePublished\":\"2019-01-22T16:42:25+00:00\",\"dateModified\":\"2019-01-23T14:03:16+00:00\",\"breadcrumb\":{\"@id\":\"https:\/\/www.larbreaempreintes.com\/en\/boutique\/larbre-des-enfants\/#breadcrumb\"},\"inLanguage\":\"en-US\",\"potentialAction\":[{\"@type\":\"ReadAction\",\"target\":[\"https:\/\/www.larbreaempreintes.com\/en\/boutique\/larbre-des-enfants\/\"]}]},{\"@type\":\"BreadcrumbList\",\"@id\":\"https:\/\/www.larbreaempreintes.com\/en\/boutique\/larbre-des-enfants\/#breadcrumb\",\"itemListElement\":[{\"@type\":\"ListItem\",\"position\":1,\"name\":\"Accueil\",\"item\":\"https:\/\/www.larbreaempreintes.com\/en\/\"},{\"@type\":\"ListItem\",\"position\":2,\"name\":\"Produits\",\"item\":\"https:\/\/www.larbreaempreintes.com\/shop\/\"},{\"@type\":\"ListItem\",\"position\":3,\"name\":\"L\u2019Arbre Des Enfants\"}]}]}<\/script>\n<!-- \/ Yoast SEO plugin. -->","yoast_head_json":{"title":"L\u2019Arbre Des Enfants - L&#039;Arbre \u00e0 Empreintes - Arbre \u00e0 empreintes","robots":{"index":"index","follow":"follow","max-snippet":"max-snippet:-1","max-image-preview":"max-image-preview:large","max-video-preview":"max-video-preview:-1"},"canonical":"https:\/\/www.larbreaempreintes.com\/en\/boutique\/larbre-des-enfants\/","og_locale":"en_US","og_type":"article","og_title":"L\u2019Arbre Des Enfants - L&#039;Arbre \u00e0 Empreintes - Arbre \u00e0 empreintes","og_description":"The branches of this tree reach up to the sky and its stars lend a lively, colourful touch to a pretty picture designed to delight children. The perfect gift for a christening, birthday party or baby shower.","og_url":"https:\/\/www.larbreaempreintes.com\/en\/boutique\/larbre-des-enfants\/","og_site_name":"L&#039;Arbre \u00e0 Empreintes - Arbre \u00e0 empreintes","article_publisher":"https:\/\/www.facebook.com\/larbreaempreintes","article_modified_time":"2019-01-23T14:03:16+00:00","og_image":[{"width":1920,"height":1282,"url":"https:\/\/www.larbreaempreintes.com\/wp-content\/uploads\/2018\/03\/larbredesenfants.jpg","type":"image\/jpeg"}],"twitter_card":"summary_large_image","twitter_site":"@arbreaempreinte","schema":{"@context":"https:\/\/schema.org","@graph":[{"@type":"Organization","@id":"https:\/\/www.larbreaempreintes.com\/#organization","name":"L'ARBRE A EMPREINTES","url":"https:\/\/www.larbreaempreintes.com\/","sameAs":["https:\/\/www.instagram.com\/larbreaempreintes\/","https:\/\/www.pinterest.fr\/larbreaempreintes\/","https:\/\/www.youtube.com\/channel\/UCXVTayQgFN6wMDads0CkW5Q","https:\/\/www.facebook.com\/larbreaempreintes","https:\/\/twitter.com\/arbreaempreinte"],"logo":{"@type":"ImageObject","inLanguage":"en-US","@id":"https:\/\/www.larbreaempreintes.com\/#\/schema\/logo\/image\/","url":"https:\/\/www.larbreaempreintes.com\/wp-content\/uploads\/2018\/04\/logoArbreaEmpreintes-rond-1-scaled.jpg","contentUrl":"https:\/\/www.larbreaempreintes.com\/wp-content\/uploads\/2018\/04\/logoArbreaEmpreintes-rond-1-scaled.jpg","width":2560,"height":2518,"caption":"L'ARBRE A EMPREINTES"},"image":{"@id":"https:\/\/www.larbreaempreintes.com\/#\/schema\/logo\/image\/"}},{"@type":"WebSite","@id":"https:\/\/www.larbreaempreintes.com\/#website","url":"https:\/\/www.larbreaempreintes.com\/","name":"L&#039;Arbre \u00e0 Empreintes - Arbre \u00e0 empreintes","description":"Cr\u00e9ation d&#039;arbre \u00e0 empreintes, arbre \u00e0 empreintes","publisher":{"@id":"https:\/\/www.larbreaempreintes.com\/#organization"},"potentialAction":[{"@type":"SearchAction","target":{"@type":"EntryPoint","urlTemplate":"https:\/\/www.larbreaempreintes.com\/?s={search_term_string}"},"query-input":"required name=search_term_string"}],"inLanguage":"en-US"},{"@type":"ImageObject","inLanguage":"en-US","@id":"https:\/\/www.larbreaempreintes.com\/en\/boutique\/larbre-des-enfants\/#primaryimage","url":"https:\/\/www.larbreaempreintes.com\/wp-content\/uploads\/2018\/03\/larbredesenfants.jpg","contentUrl":"https:\/\/www.larbreaempreintes.com\/wp-content\/uploads\/2018\/03\/larbredesenfants.jpg","width":1920,"height":1282},{"@type":"WebPage","@id":"https:\/\/www.larbreaempreintes.com\/en\/boutique\/larbre-des-enfants\/#webpage","url":"https:\/\/www.larbreaempreintes.com\/en\/boutique\/larbre-des-enfants\/","name":"L\u2019Arbre Des Enfants - L&#039;Arbre \u00e0 Empreintes - Arbre \u00e0 empreintes","isPartOf":{"@id":"https:\/\/www.larbreaempreintes.com\/#website"},"primaryImageOfPage":{"@id":"https:\/\/www.larbreaempreintes.com\/en\/boutique\/larbre-des-enfants\/#primaryimage"},"datePublished":"2019-01-22T16:42:25+00:00","dateModified":"2019-01-23T14:03:16+00:00","breadcrumb":{"@id":"https:\/\/www.larbreaempreintes.com\/en\/boutique\/larbre-des-enfants\/#breadcrumb"},"inLanguage":"en-US","potentialAction":[{"@type":"ReadAction","target":["https:\/\/www.larbreaempreintes.com\/en\/boutique\/larbre-des-enfants\/"]}]},{"@type":"BreadcrumbList","@id":"https:\/\/www.larbreaempreintes.com\/en\/boutique\/larbre-des-enfants\/#breadcrumb","itemListElement":[{"@type":"ListItem","position":1,"name":"Accueil","item":"https:\/\/www.larbreaempreintes.com\/en\/"},{"@type":"ListItem","position":2,"name":"Produits","item":"https:\/\/www.larbreaempreintes.com\/shop\/"},{"@type":"ListItem","position":3,"name":"L\u2019Arbre Des Enfants"}]}]}},"_links":{"self":[{"href":"https:\/\/www.larbreaempreintes.com\/en\/wp-json\/wp\/v2\/product\/2510"}],"collection":[{"href":"https:\/\/www.larbreaempreintes.com\/en\/wp-json\/wp\/v2\/product"}],"about":[{"href":"https:\/\/www.larbreaempreintes.com\/en\/wp-json\/wp\/v2\/types\/product"}],"wp:featuredmedia":[{"embeddable":true,"href":"https:\/\/www.larbreaempreintes.com\/en\/wp-json\/wp\/v2\/media\/2518"}],"wp:attachment":[{"href":"https:\/\/www.larbreaempreintes.com\/en\/wp-json\/wp\/v2\/media?parent=2510"}],"wp:term":[{"taxonomy":"product_cat","embeddable":true,"href":"https:\/\/www.larbreaempreintes.com\/en\/wp-json\/wp\/v2\/product_cat?post=2510"},{"taxonomy":"product_tag","embeddable":true,"href":"https:\/\/www.larbreaempreintes.com\/en\/wp-json\/wp\/v2\/product_tag?post=2510"}],"curies":[{"name":"wp","href":"https:\/\/api.w.org\/{rel}","templated":true}]}}