{"id":2568,"date":"2019-01-23T11:47:33","date_gmt":"2019-01-23T10:47:33","guid":{"rendered":"https:\/\/www.larbreaempreintes.com\/?page_id=2568"},"modified":"2019-01-23T15:01:25","modified_gmt":"2019-01-23T14:01:25","slug":"our-clients","status":"publish","type":"page","link":"https:\/\/www.larbreaempreintes.com\/en\/our-clients\/","title":{"rendered":"Our clients"},"content":{"rendered":"<div class=\"fusion-fullwidth fullwidth-box nonhundred-percent-fullwidth non-hundred-percent-height-scrolling\"  style='background-color: #ffffff;background-position: left top;background-repeat: no-repeat;padding-top:0px;padding-right:30px;padding-bottom:125px;padding-left:30px;border-top-width:0px;border-bottom-width:0px;border-color:#eae9e9;border-top-style:solid;border-bottom-style:solid;'><div class=\"fusion-builder-row fusion-row \"><div  class=\"fusion-layout-column fusion_builder_column fusion_builder_column_1_6  fusion-one-sixth fusion-column-first 1_6\"  style='margin-top:0px;margin-bottom:20px;width:13.3333%; margin-right: 4%;'>\n\t\t\t\t\t<div class=\"fusion-column-wrapper\" style=\"padding: 0px 0px 0px 0px;background-position:left top;background-repeat:no-repeat;-webkit-background-size:cover;-moz-background-size:cover;-o-background-size:cover;background-size:cover;\"  data-bg-url=\"\">\n\t\t\t\t\t\t<div class=\"fusion-clearfix\"><\/div>\n\n\t\t\t\t\t<\/div>\n\t\t\t\t<\/div><div  class=\"fusion-layout-column fusion_builder_column fusion_builder_column_2_3  fusion-two-third 2_3\"  style='margin-top:0px;margin-bottom:20px;width:65.3333%; margin-right: 4%;'>\n\t\t\t\t\t<div class=\"fusion-column-wrapper\" style=\"padding: 0px 0px 0px 0px;background-position:left top;background-repeat:no-repeat;-webkit-background-size:cover;-moz-background-size:cover;-o-background-size:cover;background-size:cover;\"  data-bg-url=\"\">\n\t\t\t\t\t\t<div class=\"fusion-text\"><h4 style=\"text-align: center; font-size: 33px; line-height: 50px;\">Our Clients<\/h4>\n<\/div><div class=\"fusion-sep-clear\"><\/div><div class=\"fusion-separator sep-single sep-solid\" style=\"border-color:#999999;border-top-width:1px;margin-left: auto;margin-right: auto;margin-top:5px;margin-bottom:20px;width:100%;max-width:30px;\"><\/div><div class=\"fusion-text\"><p style=\"text-align: center;\">I had the pleasure to create beautiful paintings for very many individuals (weddings, baptisms, birthdays, etc &#8230;), and also for many companies and associations.<\/p>\n<\/div><div class=\"fusion-clearfix\"><\/div>\n\n\t\t\t\t\t<\/div>\n\t\t\t\t<\/div><div  class=\"fusion-layout-column fusion_builder_column fusion_builder_column_1_6  fusion-one-sixth fusion-column-last 1_6\"  style='margin-top:0px;margin-bottom:20px;width:13.3333%'>\n\t\t\t\t\t<div class=\"fusion-column-wrapper\" style=\"padding: 0px 0px 0px 0px;background-position:left top;background-repeat:no-repeat;-webkit-background-size:cover;-moz-background-size:cover;-o-background-size:cover;background-size:cover;\"  data-bg-url=\"\">\n\t\t\t\t\t\t<div class=\"fusion-clearfix\"><\/div>\n\n\t\t\t\t\t<\/div>\n\t\t\t\t<\/div><div  class=\"fusion-layout-column fusion_builder_column fusion_builder_column_1_4  fusion-one-fourth fusion-column-first 1_4\"  style='margin-top:0px;margin-bottom:20px;width:25%;width:calc(25% - ( ( 4% + 4% + 4% ) * 0.25 ) );margin-right: 4%;'>\n\t\t\t\t\t<div class=\"fusion-column-wrapper\" style=\"padding: 20px 0px 0px 0px;background-position:left top;background-repeat:no-repeat;-webkit-background-size:cover;-moz-background-size:cover;-o-background-size:cover;background-size:cover;\"  data-bg-url=\"\">\n\t\t\t\t\t\t<span class=\"fusion-imageframe imageframe-none imageframe-1 hover-type-none\"><img src=\"https:\/\/www.larbreaempreintes.com\/wp-content\/uploads\/2018\/04\/caisse-depargne.png\" width=\"474\" height=\"106\" alt=\"\" title=\"caisse-depargne\" class=\"img-responsive wp-image-2583\" srcset=\"https:\/\/www.larbreaempreintes.com\/wp-content\/uploads\/2018\/04\/caisse-depargne-200x45.png 200w, https:\/\/www.larbreaempreintes.com\/wp-content\/uploads\/2018\/04\/caisse-depargne-400x89.png 400w, https:\/\/www.larbreaempreintes.com\/wp-content\/uploads\/2018\/04\/caisse-depargne.png 474w\" sizes=\"(max-width: 800px) 100vw, 474px\" \/><\/span><div class=\"fusion-clearfix\"><\/div>\n\n\t\t\t\t\t<\/div>\n\t\t\t\t<\/div><div  class=\"fusion-layout-column fusion_builder_column fusion_builder_column_1_4  fusion-one-fourth 1_4\"  style='margin-top:0px;margin-bottom:20px;width:25%;width:calc(25% - ( ( 4% + 4% + 4% ) * 0.25 ) );margin-right: 4%;'>\n\t\t\t\t\t<div class=\"fusion-column-wrapper\" style=\"padding: 0px 0px 0px 0px;background-position:left top;background-repeat:no-repeat;-webkit-background-size:cover;-moz-background-size:cover;-o-background-size:cover;background-size:cover;\"  data-bg-url=\"\">\n\t\t\t\t\t\t<span class=\"fusion-imageframe imageframe-none imageframe-2 hover-type-none\"><img src=\"https:\/\/www.larbreaempreintes.com\/wp-content\/uploads\/2018\/04\/capresort.png\" width=\"357\" height=\"141\" alt=\"\" title=\"capresort\" class=\"img-responsive wp-image-2582\" srcset=\"https:\/\/www.larbreaempreintes.com\/wp-content\/uploads\/2018\/04\/capresort-200x79.png 200w, https:\/\/www.larbreaempreintes.com\/wp-content\/uploads\/2018\/04\/capresort.png 357w\" sizes=\"(max-width: 800px) 100vw, 357px\" \/><\/span><div class=\"fusion-clearfix\"><\/div>\n\n\t\t\t\t\t<\/div>\n\t\t\t\t<\/div><div  class=\"fusion-layout-column fusion_builder_column fusion_builder_column_1_4  fusion-one-fourth 1_4\"  style='margin-top:0px;margin-bottom:20px;width:25%;width:calc(25% - ( ( 4% + 4% + 4% ) * 0.25 ) );margin-right: 4%;'>\n\t\t\t\t\t<div class=\"fusion-column-wrapper\" style=\"padding: 0px 0px 0px 0px;background-position:left top;background-repeat:no-repeat;-webkit-background-size:cover;-moz-background-size:cover;-o-background-size:cover;background-size:cover;\"  data-bg-url=\"\">\n\t\t\t\t\t\t<span class=\"fusion-imageframe imageframe-none imageframe-3 hover-type-none\"><img src=\"https:\/\/www.larbreaempreintes.com\/wp-content\/uploads\/2018\/04\/ageco.png\" width=\"353\" height=\"143\" alt=\"\" title=\"ageco\" class=\"img-responsive wp-image-2585\" srcset=\"https:\/\/www.larbreaempreintes.com\/wp-content\/uploads\/2018\/04\/ageco-200x81.png 200w, https:\/\/www.larbreaempreintes.com\/wp-content\/uploads\/2018\/04\/ageco.png 353w\" sizes=\"(max-width: 800px) 100vw, 353px\" \/><\/span><div class=\"fusion-clearfix\"><\/div>\n\n\t\t\t\t\t<\/div>\n\t\t\t\t<\/div><div  class=\"fusion-layout-column fusion_builder_column fusion_builder_column_1_4  fusion-one-fourth fusion-column-last 1_4\"  style='margin-top:0px;margin-bottom:20px;width:25%;width:calc(25% - ( ( 4% + 4% + 4% ) * 0.25 ) );'>\n\t\t\t\t\t<div class=\"fusion-column-wrapper\" style=\"padding: 0px 0px 0px 0px;background-position:left top;background-repeat:no-repeat;-webkit-background-size:cover;-moz-background-size:cover;-o-background-size:cover;background-size:cover;\"  data-bg-url=\"\">\n\t\t\t\t\t\t<span class=\"fusion-imageframe imageframe-none imageframe-4 hover-type-none\"><img src=\"https:\/\/www.larbreaempreintes.com\/wp-content\/uploads\/2018\/04\/apajh.jpg\" width=\"159\" height=\"103\" alt=\"\" title=\"apajh\" class=\"img-responsive wp-image-2584\"\/><\/span><div class=\"fusion-clearfix\"><\/div>\n\n\t\t\t\t\t<\/div>\n\t\t\t\t<\/div><div  class=\"fusion-layout-column fusion_builder_column fusion_builder_column_1_4  fusion-one-fourth fusion-column-first 1_4\"  style='margin-top:0px;margin-bottom:20px;width:25%;width:calc(25% - ( ( 4% + 4% + 4% ) * 0.25 ) );margin-right: 4%;'>\n\t\t\t\t\t<div class=\"fusion-column-wrapper\" style=\"padding: 0px 0px 0px 0px;background-position:left top;background-repeat:no-repeat;-webkit-background-size:cover;-moz-background-size:cover;-o-background-size:cover;background-size:cover;\"  data-bg-url=\"\">\n\t\t\t\t\t\t<span class=\"fusion-imageframe imageframe-none imageframe-5 hover-type-none\"><img src=\"https:\/\/www.larbreaempreintes.com\/wp-content\/uploads\/2018\/04\/Logo-H\u00f4tel-Cantemerle-Vence.jpg\" width=\"200\" height=\"200\" alt=\"\" title=\"Logo-H\u00f4tel-Cantemerle-Vence\" class=\"img-responsive wp-image-2586\"\/><\/span><div class=\"fusion-clearfix\"><\/div>\n\n\t\t\t\t\t<\/div>\n\t\t\t\t<\/div><div  class=\"fusion-layout-column fusion_builder_column fusion_builder_column_1_4  fusion-one-fourth 1_4\"  style='margin-top:0px;margin-bottom:20px;width:25%;width:calc(25% - ( ( 4% + 4% + 4% ) * 0.25 ) );margin-right: 4%;'>\n\t\t\t\t\t<div class=\"fusion-column-wrapper\" style=\"padding: 0px 0px 0px 0px;background-position:left top;background-repeat:no-repeat;-webkit-background-size:cover;-moz-background-size:cover;-o-background-size:cover;background-size:cover;\"  data-bg-url=\"\">\n\t\t\t\t\t\t<span class=\"fusion-imageframe imageframe-none imageframe-6 hover-type-none\"><img src=\"https:\/\/www.larbreaempreintes.com\/wp-content\/uploads\/2018\/04\/toyota-1.png\" width=\"225\" height=\"225\" alt=\"\" title=\"toyota\" class=\"img-responsive wp-image-2577\" srcset=\"https:\/\/www.larbreaempreintes.com\/wp-content\/uploads\/2018\/04\/toyota-1-200x200.png 200w, https:\/\/www.larbreaempreintes.com\/wp-content\/uploads\/2018\/04\/toyota-1.png 225w\" sizes=\"(max-width: 800px) 100vw, 225px\" \/><\/span><div class=\"fusion-clearfix\"><\/div>\n\n\t\t\t\t\t<\/div>\n\t\t\t\t<\/div><div  class=\"fusion-layout-column fusion_builder_column fusion_builder_column_1_4  fusion-one-fourth 1_4\"  style='margin-top:0px;margin-bottom:20px;width:25%;width:calc(25% - ( ( 4% + 4% + 4% ) * 0.25 ) );margin-right: 4%;'>\n\t\t\t\t\t<div class=\"fusion-column-wrapper\" style=\"padding: 100px 0px 0px 0px;background-position:left top;background-repeat:no-repeat;-webkit-background-size:cover;-moz-background-size:cover;-o-background-size:cover;background-size:cover;\"  data-bg-url=\"\">\n\t\t\t\t\t\t<div class=\"fusion-column-content-centered\"><div class=\"fusion-column-content\"><span class=\"fusion-imageframe imageframe-none imageframe-7 hover-type-none\"><img src=\"https:\/\/www.larbreaempreintes.com\/wp-content\/uploads\/2018\/04\/idealcom.jpeg\" width=\"449\" height=\"112\" alt=\"\" title=\"idealcom\" class=\"img-responsive wp-image-2575\" srcset=\"https:\/\/www.larbreaempreintes.com\/wp-content\/uploads\/2018\/04\/idealcom-200x50.jpeg 200w, https:\/\/www.larbreaempreintes.com\/wp-content\/uploads\/2018\/04\/idealcom-400x100.jpeg 400w, https:\/\/www.larbreaempreintes.com\/wp-content\/uploads\/2018\/04\/idealcom.jpeg 449w\" sizes=\"(max-width: 800px) 100vw, 449px\" \/><\/span><\/div><\/div><div class=\"fusion-clearfix\"><\/div>\n\n\t\t\t\t\t<\/div>\n\t\t\t\t<\/div><div  class=\"fusion-layout-column fusion_builder_column fusion_builder_column_1_4  fusion-one-fourth fusion-column-last 1_4\"  style='margin-top:0px;margin-bottom:20px;width:25%;width:calc(25% - ( ( 4% + 4% + 4% ) * 0.25 ) );'>\n\t\t\t\t\t<div class=\"fusion-column-wrapper\" style=\"padding: 0px 0px 0px 0px;background-position:left top;background-repeat:no-repeat;-webkit-background-size:cover;-moz-background-size:cover;-o-background-size:cover;background-size:cover;\"  data-bg-url=\"\">\n\t\t\t\t\t\t<span class=\"fusion-imageframe imageframe-none imageframe-8 hover-type-none\"><img src=\"https:\/\/www.larbreaempreintes.com\/wp-content\/uploads\/2018\/04\/the-vip.png\" width=\"225\" height=\"225\" alt=\"\" title=\"the-vip\" class=\"img-responsive wp-image-2576\" srcset=\"https:\/\/www.larbreaempreintes.com\/wp-content\/uploads\/2018\/04\/the-vip-200x200.png 200w, https:\/\/www.larbreaempreintes.com\/wp-content\/uploads\/2018\/04\/the-vip.png 225w\" sizes=\"(max-width: 800px) 100vw, 225px\" \/><\/span><div class=\"fusion-clearfix\"><\/div>\n\n\t\t\t\t\t<\/div>\n\t\t\t\t<\/div><div  class=\"fusion-layout-column fusion_builder_column fusion_builder_column_1_4  fusion-one-fourth fusion-column-first 1_4\"  style='margin-top:0px;margin-bottom:20px;width:25%;width:calc(25% - ( ( 4% + 4% + 4% ) * 0.25 ) );margin-right: 4%;'>\n\t\t\t\t\t<div class=\"fusion-column-wrapper\" style=\"padding: 0px 0px 0px 0px;background-position:left top;background-repeat:no-repeat;-webkit-background-size:cover;-moz-background-size:cover;-o-background-size:cover;background-size:cover;\"  data-bg-url=\"\">\n\t\t\t\t\t\t<span class=\"fusion-imageframe imageframe-none imageframe-9 hover-type-none\"><img src=\"https:\/\/www.larbreaempreintes.com\/wp-content\/uploads\/2018\/04\/leclerc.jpeg\" width=\"219\" height=\"231\" alt=\"\" title=\"leclerc\" class=\"img-responsive wp-image-2578\" srcset=\"https:\/\/www.larbreaempreintes.com\/wp-content\/uploads\/2018\/04\/leclerc-200x211.jpeg 200w, https:\/\/www.larbreaempreintes.com\/wp-content\/uploads\/2018\/04\/leclerc.jpeg 219w\" sizes=\"(max-width: 800px) 100vw, 219px\" \/><\/span><div class=\"fusion-clearfix\"><\/div>\n\n\t\t\t\t\t<\/div>\n\t\t\t\t<\/div><div  class=\"fusion-layout-column fusion_builder_column fusion_builder_column_1_4  fusion-one-fourth 1_4\"  style='margin-top:0px;margin-bottom:20px;width:25%;width:calc(25% - ( ( 4% + 4% + 4% ) * 0.25 ) );margin-right: 4%;'>\n\t\t\t\t\t<div class=\"fusion-column-wrapper\" style=\"padding: 50px 0px 0px 0px;background-position:left top;background-repeat:no-repeat;-webkit-background-size:cover;-moz-background-size:cover;-o-background-size:cover;background-size:cover;\"  data-bg-url=\"\">\n\t\t\t\t\t\t<span class=\"fusion-imageframe imageframe-none imageframe-10 hover-type-none\"><img src=\"https:\/\/www.larbreaempreintes.com\/wp-content\/uploads\/2018\/04\/abmprod.jpeg\" width=\"338\" height=\"134\" alt=\"\" title=\"abmprod\" class=\"img-responsive wp-image-2581\" srcset=\"https:\/\/www.larbreaempreintes.com\/wp-content\/uploads\/2018\/04\/abmprod-200x79.jpeg 200w, https:\/\/www.larbreaempreintes.com\/wp-content\/uploads\/2018\/04\/abmprod.jpeg 338w\" sizes=\"(max-width: 800px) 100vw, 338px\" \/><\/span><div class=\"fusion-clearfix\"><\/div>\n\n\t\t\t\t\t<\/div>\n\t\t\t\t<\/div><div  class=\"fusion-layout-column fusion_builder_column fusion_builder_column_1_4  fusion-one-fourth 1_4\"  style='margin-top:0px;margin-bottom:20px;width:25%;width:calc(25% - ( ( 4% + 4% + 4% ) * 0.25 ) );margin-right: 4%;'>\n\t\t\t\t\t<div class=\"fusion-column-wrapper\" style=\"padding: 50px 0px 0px 0px;background-position:left top;background-repeat:no-repeat;-webkit-background-size:cover;-moz-background-size:cover;-o-background-size:cover;background-size:cover;\"  data-bg-url=\"\">\n\t\t\t\t\t\t<span class=\"fusion-imageframe imageframe-none imageframe-11 hover-type-none\"><img src=\"https:\/\/www.larbreaempreintes.com\/wp-content\/uploads\/2018\/04\/ludotic.jpeg\" width=\"300\" height=\"100\" alt=\"\" title=\"ludotic\" class=\"img-responsive wp-image-2579\" srcset=\"https:\/\/www.larbreaempreintes.com\/wp-content\/uploads\/2018\/04\/ludotic-200x67.jpeg 200w, https:\/\/www.larbreaempreintes.com\/wp-content\/uploads\/2018\/04\/ludotic.jpeg 300w\" sizes=\"(max-width: 800px) 100vw, 300px\" \/><\/span><div class=\"fusion-clearfix\"><\/div>\n\n\t\t\t\t\t<\/div>\n\t\t\t\t<\/div><div  class=\"fusion-layout-column fusion_builder_column fusion_builder_column_1_4  fusion-one-fourth fusion-column-last 1_4\"  style='margin-top:0px;margin-bottom:20px;width:25%;width:calc(25% - ( ( 4% + 4% + 4% ) * 0.25 ) );'>\n\t\t\t\t\t<div class=\"fusion-column-wrapper\" style=\"padding: 0px 0px 0px 0px;background-position:left top;background-repeat:no-repeat;-webkit-background-size:cover;-moz-background-size:cover;-o-background-size:cover;background-size:cover;\"  data-bg-url=\"\">\n\t\t\t\t\t\t<span class=\"fusion-imageframe imageframe-none imageframe-12 hover-type-none\"><img src=\"https:\/\/www.larbreaempreintes.com\/wp-content\/uploads\/2018\/04\/fce-france.jpeg\" width=\"225\" height=\"225\" alt=\"\" title=\"fce-france\" class=\"img-responsive wp-image-2580\" srcset=\"https:\/\/www.larbreaempreintes.com\/wp-content\/uploads\/2018\/04\/fce-france-200x200.jpeg 200w, https:\/\/www.larbreaempreintes.com\/wp-content\/uploads\/2018\/04\/fce-france.jpeg 225w\" sizes=\"(max-width: 800px) 100vw, 225px\" \/><\/span><div class=\"fusion-clearfix\"><\/div>\n\n\t\t\t\t\t<\/div>\n\t\t\t\t<\/div><div  class=\"fusion-layout-column fusion_builder_column fusion_builder_column_1_4  fusion-one-fourth fusion-column-first 1_4\"  style='margin-top:0px;margin-bottom:20px;width:25%;width:calc(25% - ( ( 4% ) * 0.25 ) );margin-right: 4%;'>\n\t\t\t\t\t<div class=\"fusion-column-wrapper\" style=\"padding: 0px 0px 0px 0px;background-position:left top;background-repeat:no-repeat;-webkit-background-size:cover;-moz-background-size:cover;-o-background-size:cover;background-size:cover;\"  data-bg-url=\"\">\n\t\t\t\t\t\t<span class=\"fusion-imageframe imageframe-none imageframe-13 hover-type-none\"><img src=\"https:\/\/www.larbreaempreintes.com\/wp-content\/uploads\/2018\/05\/mirror.jpg\" width=\"256\" height=\"256\" alt=\"\" title=\"mirror\" class=\"img-responsive wp-image-3034\" srcset=\"https:\/\/www.larbreaempreintes.com\/wp-content\/uploads\/2018\/05\/mirror-200x200.jpg 200w, https:\/\/www.larbreaempreintes.com\/wp-content\/uploads\/2018\/05\/mirror.jpg 256w\" sizes=\"(max-width: 800px) 100vw, 256px\" \/><\/span><div class=\"fusion-clearfix\"><\/div>\n\n\t\t\t\t\t<\/div>\n\t\t\t\t<\/div><div  class=\"fusion-layout-column fusion_builder_column fusion_builder_column_1_4  fusion-one-fourth fusion-column-last 1_4\"  style='margin-top:0px;margin-bottom:20px;width:25%;width:calc(25% - ( ( 4% ) * 0.25 ) );'>\n\t\t\t\t\t<div class=\"fusion-column-wrapper\" style=\"padding: 0px 0px 0px 0px;background-position:left top;background-repeat:no-repeat;-webkit-background-size:cover;-moz-background-size:cover;-o-background-size:cover;background-size:cover;\"  data-bg-url=\"\">\n\t\t\t\t\t\t<span class=\"fusion-imageframe imageframe-none imageframe-14 hover-type-none\"><img src=\"https:\/\/www.larbreaempreintes.com\/wp-content\/uploads\/2018\/05\/votre_logo.png\" width=\"1000\" height=\"667\" alt=\"\" title=\"votre_logo\" class=\"img-responsive wp-image-2587\" srcset=\"https:\/\/www.larbreaempreintes.com\/wp-content\/uploads\/2018\/05\/votre_logo-200x133.png 200w, https:\/\/www.larbreaempreintes.com\/wp-content\/uploads\/2018\/05\/votre_logo-400x267.png 400w, https:\/\/www.larbreaempreintes.com\/wp-content\/uploads\/2018\/05\/votre_logo-600x400.png 600w, https:\/\/www.larbreaempreintes.com\/wp-content\/uploads\/2018\/05\/votre_logo-800x534.png 800w, https:\/\/www.larbreaempreintes.com\/wp-content\/uploads\/2018\/05\/votre_logo.png 1000w\" sizes=\"(max-width: 800px) 100vw, 600px\" \/><\/span><div class=\"fusion-clearfix\"><\/div>\n\n\t\t\t\t\t<\/div>\n\t\t\t\t<\/div><\/div><\/div>\n","protected":false},"excerpt":{"rendered":"","protected":false},"author":1,"featured_media":0,"parent":0,"menu_order":0,"comment_status":"open","ping_status":"closed","template":"100-width.php","meta":[],"yoast_head":"<!-- This site is optimized with the Yoast SEO plugin v19.1 - https:\/\/yoast.com\/wordpress\/plugins\/seo\/ -->\n<title>Our clients L&#039;Arbre \u00e0 Empreintes - Arbre \u00e0 empreintes<\/title>\n<meta name=\"robots\" content=\"index, follow, max-snippet:-1, max-image-preview:large, max-video-preview:-1\" \/>\n<link rel=\"canonical\" href=\"https:\/\/www.larbreaempreintes.com\/en\/our-clients\/\" \/>\n<meta property=\"og:locale\" content=\"en_US\" \/>\n<meta property=\"og:type\" content=\"article\" \/>\n<meta property=\"og:title\" content=\"Our clients L&#039;Arbre \u00e0 Empreintes - Arbre \u00e0 empreintes\" \/>\n<meta property=\"og:url\" content=\"https:\/\/www.larbreaempreintes.com\/en\/our-clients\/\" \/>\n<meta property=\"og:site_name\" content=\"L&#039;Arbre \u00e0 Empreintes - Arbre \u00e0 empreintes\" \/>\n<meta property=\"article:publisher\" content=\"https:\/\/www.facebook.com\/larbreaempreintes\" \/>\n<meta property=\"article:modified_time\" content=\"2019-01-23T14:01:25+00:00\" \/>\n<meta name=\"twitter:card\" content=\"summary_large_image\" \/>\n<meta name=\"twitter:site\" content=\"@arbreaempreinte\" \/>\n<meta name=\"twitter:label1\" content=\"Est. reading time\" \/>\n\t<meta name=\"twitter:data1\" content=\"11 minutes\" \/>\n<script type=\"application\/ld+json\" class=\"yoast-schema-graph\">{\"@context\":\"https:\/\/schema.org\",\"@graph\":[{\"@type\":\"Organization\",\"@id\":\"https:\/\/www.larbreaempreintes.com\/#organization\",\"name\":\"L'ARBRE A EMPREINTES\",\"url\":\"https:\/\/www.larbreaempreintes.com\/\",\"sameAs\":[\"https:\/\/www.instagram.com\/larbreaempreintes\/\",\"https:\/\/www.pinterest.fr\/larbreaempreintes\/\",\"https:\/\/www.youtube.com\/channel\/UCXVTayQgFN6wMDads0CkW5Q\",\"https:\/\/www.facebook.com\/larbreaempreintes\",\"https:\/\/twitter.com\/arbreaempreinte\"],\"logo\":{\"@type\":\"ImageObject\",\"inLanguage\":\"en-US\",\"@id\":\"https:\/\/www.larbreaempreintes.com\/#\/schema\/logo\/image\/\",\"url\":\"https:\/\/www.larbreaempreintes.com\/wp-content\/uploads\/2018\/04\/logoArbreaEmpreintes-rond-1-scaled.jpg\",\"contentUrl\":\"https:\/\/www.larbreaempreintes.com\/wp-content\/uploads\/2018\/04\/logoArbreaEmpreintes-rond-1-scaled.jpg\",\"width\":2560,\"height\":2518,\"caption\":\"L'ARBRE A EMPREINTES\"},\"image\":{\"@id\":\"https:\/\/www.larbreaempreintes.com\/#\/schema\/logo\/image\/\"}},{\"@type\":\"WebSite\",\"@id\":\"https:\/\/www.larbreaempreintes.com\/#website\",\"url\":\"https:\/\/www.larbreaempreintes.com\/\",\"name\":\"L&#039;Arbre \u00e0 Empreintes - Arbre \u00e0 empreintes\",\"description\":\"Cr\u00e9ation d&#039;arbre \u00e0 empreintes, arbre \u00e0 empreintes\",\"publisher\":{\"@id\":\"https:\/\/www.larbreaempreintes.com\/#organization\"},\"potentialAction\":[{\"@type\":\"SearchAction\",\"target\":{\"@type\":\"EntryPoint\",\"urlTemplate\":\"https:\/\/www.larbreaempreintes.com\/?s={search_term_string}\"},\"query-input\":\"required name=search_term_string\"}],\"inLanguage\":\"en-US\"},{\"@type\":\"WebPage\",\"@id\":\"https:\/\/www.larbreaempreintes.com\/en\/our-clients\/#webpage\",\"url\":\"https:\/\/www.larbreaempreintes.com\/en\/our-clients\/\",\"name\":\"Our clients L&#039;Arbre \u00e0 Empreintes - Arbre \u00e0 empreintes\",\"isPartOf\":{\"@id\":\"https:\/\/www.larbreaempreintes.com\/#website\"},\"datePublished\":\"2019-01-23T10:47:33+00:00\",\"dateModified\":\"2019-01-23T14:01:25+00:00\",\"breadcrumb\":{\"@id\":\"https:\/\/www.larbreaempreintes.com\/en\/our-clients\/#breadcrumb\"},\"inLanguage\":\"en-US\",\"potentialAction\":[{\"@type\":\"ReadAction\",\"target\":[\"https:\/\/www.larbreaempreintes.com\/en\/our-clients\/\"]}]},{\"@type\":\"BreadcrumbList\",\"@id\":\"https:\/\/www.larbreaempreintes.com\/en\/our-clients\/#breadcrumb\",\"itemListElement\":[{\"@type\":\"ListItem\",\"position\":1,\"name\":\"Accueil\",\"item\":\"https:\/\/www.larbreaempreintes.com\/en\/\"},{\"@type\":\"ListItem\",\"position\":2,\"name\":\"Our clients\"}]}]}<\/script>\n<!-- \/ Yoast SEO plugin. -->","yoast_head_json":{"title":"Our clients L&#039;Arbre \u00e0 Empreintes - Arbre \u00e0 empreintes","robots":{"index":"index","follow":"follow","max-snippet":"max-snippet:-1","max-image-preview":"max-image-preview:large","max-video-preview":"max-video-preview:-1"},"canonical":"https:\/\/www.larbreaempreintes.com\/en\/our-clients\/","og_locale":"en_US","og_type":"article","og_title":"Our clients L&#039;Arbre \u00e0 Empreintes - Arbre \u00e0 empreintes","og_url":"https:\/\/www.larbreaempreintes.com\/en\/our-clients\/","og_site_name":"L&#039;Arbre \u00e0 Empreintes - Arbre \u00e0 empreintes","article_publisher":"https:\/\/www.facebook.com\/larbreaempreintes","article_modified_time":"2019-01-23T14:01:25+00:00","twitter_card":"summary_large_image","twitter_site":"@arbreaempreinte","twitter_misc":{"Est. reading time":"11 minutes"},"schema":{"@context":"https:\/\/schema.org","@graph":[{"@type":"Organization","@id":"https:\/\/www.larbreaempreintes.com\/#organization","name":"L'ARBRE A EMPREINTES","url":"https:\/\/www.larbreaempreintes.com\/","sameAs":["https:\/\/www.instagram.com\/larbreaempreintes\/","https:\/\/www.pinterest.fr\/larbreaempreintes\/","https:\/\/www.youtube.com\/channel\/UCXVTayQgFN6wMDads0CkW5Q","https:\/\/www.facebook.com\/larbreaempreintes","https:\/\/twitter.com\/arbreaempreinte"],"logo":{"@type":"ImageObject","inLanguage":"en-US","@id":"https:\/\/www.larbreaempreintes.com\/#\/schema\/logo\/image\/","url":"https:\/\/www.larbreaempreintes.com\/wp-content\/uploads\/2018\/04\/logoArbreaEmpreintes-rond-1-scaled.jpg","contentUrl":"https:\/\/www.larbreaempreintes.com\/wp-content\/uploads\/2018\/04\/logoArbreaEmpreintes-rond-1-scaled.jpg","width":2560,"height":2518,"caption":"L'ARBRE A EMPREINTES"},"image":{"@id":"https:\/\/www.larbreaempreintes.com\/#\/schema\/logo\/image\/"}},{"@type":"WebSite","@id":"https:\/\/www.larbreaempreintes.com\/#website","url":"https:\/\/www.larbreaempreintes.com\/","name":"L&#039;Arbre \u00e0 Empreintes - Arbre \u00e0 empreintes","description":"Cr\u00e9ation d&#039;arbre \u00e0 empreintes, arbre \u00e0 empreintes","publisher":{"@id":"https:\/\/www.larbreaempreintes.com\/#organization"},"potentialAction":[{"@type":"SearchAction","target":{"@type":"EntryPoint","urlTemplate":"https:\/\/www.larbreaempreintes.com\/?s={search_term_string}"},"query-input":"required name=search_term_string"}],"inLanguage":"en-US"},{"@type":"WebPage","@id":"https:\/\/www.larbreaempreintes.com\/en\/our-clients\/#webpage","url":"https:\/\/www.larbreaempreintes.com\/en\/our-clients\/","name":"Our clients L&#039;Arbre \u00e0 Empreintes - Arbre \u00e0 empreintes","isPartOf":{"@id":"https:\/\/www.larbreaempreintes.com\/#website"},"datePublished":"2019-01-23T10:47:33+00:00","dateModified":"2019-01-23T14:01:25+00:00","breadcrumb":{"@id":"https:\/\/www.larbreaempreintes.com\/en\/our-clients\/#breadcrumb"},"inLanguage":"en-US","potentialAction":[{"@type":"ReadAction","target":["https:\/\/www.larbreaempreintes.com\/en\/our-clients\/"]}]},{"@type":"BreadcrumbList","@id":"https:\/\/www.larbreaempreintes.com\/en\/our-clients\/#breadcrumb","itemListElement":[{"@type":"ListItem","position":1,"name":"Accueil","item":"https:\/\/www.larbreaempreintes.com\/en\/"},{"@type":"ListItem","position":2,"name":"Our clients"}]}]}},"_links":{"self":[{"href":"https:\/\/www.larbreaempreintes.com\/en\/wp-json\/wp\/v2\/pages\/2568"}],"collection":[{"href":"https:\/\/www.larbreaempreintes.com\/en\/wp-json\/wp\/v2\/pages"}],"about":[{"href":"https:\/\/www.larbreaempreintes.com\/en\/wp-json\/wp\/v2\/types\/page"}],"author":[{"embeddable":true,"href":"https:\/\/www.larbreaempreintes.com\/en\/wp-json\/wp\/v2\/users\/1"}],"replies":[{"embeddable":true,"href":"https:\/\/www.larbreaempreintes.com\/en\/wp-json\/wp\/v2\/comments?post=2568"}],"version-history":[{"count":0,"href":"https:\/\/www.larbreaempreintes.com\/en\/wp-json\/wp\/v2\/pages\/2568\/revisions"}],"wp:attachment":[{"href":"https:\/\/www.larbreaempreintes.com\/en\/wp-json\/wp\/v2\/media?parent=2568"}],"curies":[{"name":"wp","href":"https:\/\/api.w.org\/{rel}","templated":true}]}}