{"id":2468,"date":"2019-01-22T15:57:55","date_gmt":"2019-01-22T14:57:55","guid":{"rendered":"https:\/\/www.larbreaempreintes.com\/?page_id=2468"},"modified":"2020-02-12T11:41:59","modified_gmt":"2020-02-12T10:41:59","slug":"contact","status":"publish","type":"page","link":"https:\/\/www.larbreaempreintes.com\/en\/contact\/","title":{"rendered":"Contact"},"content":{"rendered":"<p><div class=\"fusion-fullwidth fullwidth-box nonhundred-percent-fullwidth non-hundred-percent-height-scrolling\"  style='background-color: #ffffff;background-position: left top;background-repeat: no-repeat;padding-top:50px;padding-right:30px;padding-bottom:0px;padding-left:30px;border-top-width:0px;border-bottom-width:0px;border-color:#eae9e9;border-top-style:solid;border-bottom-style:solid;'><div class=\"fusion-builder-row fusion-row \"><div  class=\"fusion-layout-column fusion_builder_column fusion_builder_column_1_6  fusion-one-sixth fusion-column-first 1_6\"  style='margin-top:0px;margin-bottom:20px;width:13.3333%; margin-right: 4%;'>\n\t\t\t\t\t<div class=\"fusion-column-wrapper\" style=\"padding: 0px 0px 0px 0px;background-position:left top;background-repeat:no-repeat;-webkit-background-size:cover;-moz-background-size:cover;-o-background-size:cover;background-size:cover;\"  data-bg-url=\"\">\n\t\t\t\t\t\t<div class=\"fusion-clearfix\"><\/div>\n\n\t\t\t\t\t<\/div>\n\t\t\t\t<\/div><div  class=\"fusion-layout-column fusion_builder_column fusion_builder_column_2_3  fusion-two-third 2_3\"  style='margin-top:0px;margin-bottom:0px;width:65.3333%; margin-right: 4%;'>\n\t\t\t\t\t<div class=\"fusion-column-wrapper\" style=\"padding: 0px 0px 0px 0px;background-position:left top;background-repeat:no-repeat;-webkit-background-size:cover;-moz-background-size:cover;-o-background-size:cover;background-size:cover;\"  data-bg-url=\"\">\n\t\t\t\t\t\t<div class=\"fusion-text\"><h1 style=\"text-align: center;\">Contact-us<\/h1>\n<\/div><div class=\"fusion-sep-clear\"><\/div><div class=\"fusion-separator sep-single sep-solid\" style=\"border-color:#999999;border-top-width:1px;margin-left: auto;margin-right: auto;margin-top:5px;margin-bottom:0px;width:100%;max-width:30px;\"><\/div><div class=\"fusion-text\"><h4 style=\"text-align: center; font-size: 33px; line-height: 50px;\">Do not hesitate to ask us questions\u2026<\/h4>\n<\/div><div class=\"fusion-clearfix\"><\/div>\n\n\t\t\t\t\t<\/div>\n\t\t\t\t<\/div><div  class=\"fusion-layout-column fusion_builder_column fusion_builder_column_1_6  fusion-one-sixth fusion-column-last 1_6\"  style='margin-top:0px;margin-bottom:20px;width:13.3333%'>\n\t\t\t\t\t<div class=\"fusion-column-wrapper\" style=\"padding: 0px 0px 0px 0px;background-position:left top;background-repeat:no-repeat;-webkit-background-size:cover;-moz-background-size:cover;-o-background-size:cover;background-size:cover;\"  data-bg-url=\"\">\n\t\t\t\t\t\t<div class=\"fusion-clearfix\"><\/div>\n\n\t\t\t\t\t<\/div>\n\t\t\t\t<\/div><div  class=\"fusion-layout-column fusion_builder_column fusion_builder_column_1_1  fusion-one-full fusion-column-first fusion-column-last bloc_contact fusion-column-no-min-height 1_1\"  style='margin-top:0px;margin-bottom:0px;'>\n\t\t\t\t\t<div class=\"fusion-column-wrapper\" style=\"padding: 0px 0px 0px 0px;background-position:left top;background-repeat:no-repeat;-webkit-background-size:cover;-moz-background-size:cover;-o-background-size:cover;background-size:cover;\"  data-bg-url=\"\">\n\t\t\t\t\t\t<div class=\"fusion-sep-clear\"><\/div><div class=\"fusion-separator sep-single sep-solid\" style=\"border-color:#e42072;border-top-width:5px;margin-left: auto;margin-right: auto;margin-top:50px;margin-bottom:50px;width:100%;max-width:50%;\"><\/div><div class=\"fusion-content-boxes content-boxes columns row fusion-columns-3 fusion-columns-total-3 fusion-content-boxes-1 content-boxes-icon-on-top content-left matchHeight\" data-animationOffset=\"100%\" style=\"margin-top:50px;margin-bottom:20px;\"><style type=\"text\/css\" scoped=\"scoped\">.fusion-content-boxes-1 .heading h2{color:#333333;}\n\t\t\t\t\t.fusion-content-boxes-1 .fusion-content-box-hover .link-area-link-icon-hover .heading h2,\n\t\t\t\t\t.fusion-content-boxes-1 .fusion-content-box-hover .link-area-link-icon-hover .heading .heading-link h2,\n\t\t\t\t\t.fusion-content-boxes-1 .fusion-content-box-hover .link-area-box-hover .heading h2,\n\t\t\t\t\t.fusion-content-boxes-1 .fusion-content-box-hover .link-area-box-hover .heading .heading-link h2,\n\t\t\t\t\t.fusion-content-boxes-1 .fusion-content-box-hover .link-area-link-icon-hover.link-area-box .fusion-read-more,\n\t\t\t\t\t.fusion-content-boxes-1 .fusion-content-box-hover .link-area-link-icon-hover.link-area-box .fusion-read-more::after,\n\t\t\t\t\t.fusion-content-boxes-1 .fusion-content-box-hover .link-area-link-icon-hover.link-area-box .fusion-read-more::before,\n\t\t\t\t\t.fusion-content-boxes-1 .fusion-content-box-hover .fusion-read-more:hover:after,\n\t\t\t\t\t.fusion-content-boxes-1 .fusion-content-box-hover .fusion-read-more:hover:before,\n\t\t\t\t\t.fusion-content-boxes-1 .fusion-content-box-hover .fusion-read-more:hover,\n\t\t\t\t\t.fusion-content-boxes-1 .fusion-content-box-hover .link-area-box-hover.link-area-box .fusion-read-more,\n\t\t\t\t\t.fusion-content-boxes-1 .fusion-content-box-hover .link-area-box-hover.link-area-box .fusion-read-more::after,\n\t\t\t\t\t.fusion-content-boxes-1 .fusion-content-box-hover .link-area-box-hover.link-area-box .fusion-read-more::before,\n\t\t\t\t\t.fusion-content-boxes-1 .fusion-content-box-hover .link-area-link-icon-hover .icon .circle-no,\n\t\t\t\t\t.fusion-content-boxes-1 .heading .heading-link:hover .content-box-heading {\n\t\t\t\t\t\tcolor: #00104b;\n\t\t\t\t\t}\n\t\t\t\t\t.fusion-content-boxes-1 .fusion-content-box-hover .link-area-box-hover .icon .circle-no {\n\t\t\t\t\t\tcolor: #00104b !important;\n\t\t\t\t\t}.fusion-content-boxes-1 .fusion-content-box-hover .link-area-box.link-area-box-hover .fusion-content-box-button {background: #e42072;color: #ffffff;}.fusion-content-boxes-1 .fusion-content-box-hover .link-area-box.link-area-box-hover .fusion-content-box-button .fusion-button-text {color: #ffffff;}\n\t\t\t\t\t.fusion-content-boxes-1 .fusion-content-box-hover .link-area-link-icon-hover .heading .icon > span {\n\t\t\t\t\t\tbackground-color: #00104b !important;\n\t\t\t\t\t}\n\t\t\t\t\t.fusion-content-boxes-1 .fusion-content-box-hover .link-area-box-hover .heading .icon > span {\n\t\t\t\t\t\tborder-color: #00104b !important;\n\t\t\t\t\t}\n\t\t\t\t\t\t.fusion-content-boxes-1 .fusion-content-box-hover .link-area-link-icon-hover.icon-hover-animation-pulsate .fontawesome-icon:after,\n\t\t\t\t\t\t.fusion-content-boxes-1 .fusion-content-box-hover .link-area-box-hover.icon-hover-animation-pulsate .fontawesome-icon:after,\n\t\t\t\t\t\t.fusion-content-boxes-1 .fusion-content-box-hover .link-area-link-icon-hover.icon-wrapper-hover-animation-pulsate .icon span:after,\n\t\t\t\t\t\t.fusion-content-boxes-1 .fusion-content-box-hover .link-area-box-hover.icon-wrapper-hover-animation-pulsate .icon span:after {\n\t\t\t\t\t\t\t-webkit-box-shadow:0 0 0 2px rgba(255,255,255,0.1), 0 0 10px 10px #00104b, 0 0 0 10px rgba(255,255,255,0.5);\n\t\t\t\t\t\t\t-moz-box-shadow:0 0 0 2px rgba(255,255,255,0.1), 0 0 10px 10px #00104b, 0 0 0 10px rgba(255,255,255,0.5);\n\t\t\t\t\t\t\tbox-shadow: 0 0 0 2px rgba(255,255,255,0.1), 0 0 10px 10px #00104b, 0 0 0 10px rgba(255,255,255,0.5);\n\t\t\t\t\t\t}\n\t\t\t\t\t<\/style><div class=\"fusion-column content-box-column content-box-column content-box-column-1 col-lg-4 col-md-4 col-sm-4 fusion-content-box-hover  content-box-column-first-in-row\"><div class=\"col content-wrapper-background link-area-box icon-hover-animation-pulsate\" style=\"background-color:#f7f7f7;\" data-animationOffset=\"100%\"><div class=\"heading heading-with-icon icon-left\"><div class=\"icon\"><i style=\"border-color:rgba(255,255,255,0);border-width:0px;background-color:#e42072;box-sizing:content-box;height:80px;width:80px;line-height:80px;border-radius:50%;color:#ffffff;font-size:40px;\" class=\"fa fontawesome-icon fa-map-marker circle-yes\"><\/i><\/div><h2 class=\"content-box-heading\" style=\"font-size:22px;line-height:27px;\">NOTRE ATELIER<\/h2><\/div><div class=\"fusion-clearfix\"><\/div><div class=\"content-container\" style=\"color:#747474;\">\n<p style=\"text-align: center;\">5665, Route de Valbonne<br \/>\n06410 BIOT<\/p>\n<\/div><\/div><\/div><div class=\"fusion-column content-box-column content-box-column content-box-column-2 col-lg-4 col-md-4 col-sm-4 fusion-content-box-hover \"><div class=\"col content-wrapper-background link-area-box link-type-text icon-hover-animation-pulsate\" style=\"background-color:#f7f7f7;\" data-link=\"tel:0609110064\" data-link-target=\"_self\" data-animationOffset=\"100%\"><div class=\"heading heading-with-icon icon-left\"><a class=\"heading-link\" href=\"tel:0609110064\" target=\"_self\"><div class=\"icon\"><i style=\"border-color:rgba(255,255,255,0);border-width:0px;background-color:#e42072;box-sizing:content-box;height:80px;width:80px;line-height:80px;border-radius:50%;color:#ffffff;font-size:40px;\" class=\"fa fontawesome-icon fa-phone circle-yes\"><\/i><\/div><h2 class=\"content-box-heading\" style=\"font-size:22px;line-height:27px;\">T\u00c9L\u00c9PHONE<\/h2><\/a><\/div><div class=\"fusion-clearfix\"><\/div><div class=\"content-container\" style=\"color:#747474;\"><a class=\"link\" style=\"text-align: center;\" href=\"tel:0609110064\">06 09 11 00 64<\/a><\/div><\/div><\/div><div class=\"fusion-column content-box-column content-box-column content-box-column-3 col-lg-4 col-md-4 col-sm-4 fusion-content-box-hover  content-box-column-last content-box-column-last-in-row\"><div class=\"col content-wrapper-background link-area-box link-type-text icon-hover-animation-pulsate\" style=\"background-color:#f7f7f7;\" data-link=\"mailto:lydia@larbreaempreintes.com\" data-link-target=\"_self\" data-animationOffset=\"100%\"><div class=\"heading heading-with-icon icon-left\"><a class=\"heading-link\" href=\"mailto:lydia@larbreaempreintes.com\" target=\"_self\"><div class=\"icon\"><i style=\"border-color:rgba(255,255,255,0);border-width:0px;background-color:#e42072;box-sizing:content-box;height:80px;width:80px;line-height:80px;border-radius:50%;color:#ffffff;font-size:40px;\" class=\"fa fontawesome-icon fa-envelope-o circle-yes\"><\/i><\/div><h2 class=\"content-box-heading\" style=\"font-size:22px;line-height:27px;\">EMAIL<\/h2><\/a><\/div><div class=\"fusion-clearfix\"><\/div><div class=\"content-container\" style=\"color:#747474;\"><a class=\"link\" style=\"text-align: center;\" href=\"mailto:lydia@larbreaempreintes.com\">lydia@larbreaempreintes.com<\/a><\/div><\/div><\/div><div class=\"fusion-clearfix\"><\/div><style type=\"text\/css\" scoped=\"scoped\">\n\t\t\t\t\t\t.fusion-content-boxes-1 .fusion-content-box-hover .heading-link:hover .icon i.circle-yes,\n\t\t\t\t\t\t.fusion-content-boxes-1 .fusion-content-box-hover .link-area-box:hover .heading-link .icon i.circle-yes,\n\t\t\t\t\t\t.fusion-content-boxes-1 .fusion-content-box-hover .link-area-link-icon-hover .heading .icon i.circle-yes,\n\t\t\t\t\t\t.fusion-content-boxes-1 .fusion-content-box-hover .link-area-box-hover .heading .icon i.circle-yes {\n\t\t\t\t\t\t\tbackground-color: #00104b !important;\n\t\t\t\t\t\t\tborder-color: #00104b !important;\n\t\t\t\t\t\t}<\/style><div class=\"fusion-clearfix\"><\/div><\/div><div class=\"fusion-sep-clear\"><\/div><div class=\"fusion-separator sep-single sep-solid\" style=\"border-color:#e42072;border-top-width:5px;margin-left: auto;margin-right: auto;margin-top:50px;margin-bottom:50px;width:100%;max-width:50%;\"><\/div><div class=\"fusion-clearfix\"><\/div>\n\n\t\t\t\t\t<\/div>\n\t\t\t\t<\/div><\/div><\/div><div class=\"fusion-fullwidth fullwidth-box nonhundred-percent-fullwidth non-hundred-percent-height-scrolling\"  style='background-color: #f7f7f7;background-position: left top;background-repeat: no-repeat;padding-top:0px;padding-right:30px;padding-bottom:60px;padding-left:30px;border-top-width:0px;border-bottom-width:0px;border-color:#eae9e9;border-top-style:solid;border-bottom-style:solid;'><div class=\"fusion-builder-row fusion-row \"><div  class=\"fusion-layout-column fusion_builder_column fusion_builder_column_1_6  fusion-one-sixth fusion-column-first 1_6\"  style='margin-top:0px;margin-bottom:20px;width:13.3333%; margin-right: 4%;'>\n\t\t\t\t\t<div class=\"fusion-column-wrapper\" style=\"padding: 0px 0px 0px 0px;background-position:left top;background-repeat:no-repeat;-webkit-background-size:cover;-moz-background-size:cover;-o-background-size:cover;background-size:cover;\"  data-bg-url=\"\">\n\t\t\t\t\t\t<div class=\"fusion-clearfix\"><\/div>\n\n\t\t\t\t\t<\/div>\n\t\t\t\t<\/div><div  class=\"fusion-layout-column fusion_builder_column fusion_builder_column_2_3  fusion-two-third 2_3\"  style='margin-top:0px;margin-bottom:20px;width:65.3333%; margin-right: 4%;'>\n\t\t\t\t\t<div class=\"fusion-column-wrapper\" style=\"padding: 0px 0px 0px 0px;background-position:left top;background-repeat:no-repeat;-webkit-background-size:cover;-moz-background-size:cover;-o-background-size:cover;background-size:cover;\"  data-bg-url=\"\">\n\t\t\t\t\t\t<div class=\"fusion-text\"><h1 style=\"text-align: center;\">CONTACT FORM<\/h1>\n<\/div><div class=\"fusion-sep-clear\"><\/div><div class=\"fusion-separator sep-single sep-solid\" style=\"border-color:#999999;border-top-width:1px;margin-left: auto;margin-right: auto;margin-top:5px;margin-bottom:30px;width:100%;max-width:30px;\"><\/div><div class=\"fusion-text\"><h4 style=\"text-align: justify;\">If you would like to contact us, please leave a message. For bespoke creations, please provide as much information as possible regarding your request (date of event, number of people, idea of model, etc.).<\/h4>\n<\/div><div class=\"fusion-sep-clear\"><\/div><div class=\"fusion-separator fusion-full-width-sep sep-none\" style=\"margin-left: auto;margin-right: auto;margin-top:10px;margin-bottom:10px;\"><\/div><div class=\"fusion-text\"><div role=\"form\" class=\"wpcf7\" id=\"wpcf7-f2501-o1\" lang=\"en-US\" dir=\"ltr\">\n<div class=\"screen-reader-response\"><p role=\"status\" aria-live=\"polite\" aria-atomic=\"true\"><\/p> <ul><\/ul><\/div>\n<form action=\"\/en\/wp-json\/wp\/v2\/pages\/2468#wpcf7-f2501-o1\" method=\"post\" class=\"wpcf7-form init\" novalidate=\"novalidate\" data-status=\"init\">\n<div style=\"display: none;\">\n<input type=\"hidden\" name=\"_wpcf7\" value=\"2501\" \/>\n<input type=\"hidden\" name=\"_wpcf7_version\" value=\"5.5.6\" \/>\n<input type=\"hidden\" name=\"_wpcf7_locale\" value=\"en_US\" \/>\n<input type=\"hidden\" name=\"_wpcf7_unit_tag\" value=\"wpcf7-f2501-o1\" \/>\n<input type=\"hidden\" name=\"_wpcf7_container_post\" value=\"0\" \/>\n<input type=\"hidden\" name=\"_wpcf7_posted_data_hash\" value=\"\" \/>\n<\/div>\n<div class=\"fusion-one-half fusion-layout-column fusion-spacing-yes\"><span class=\"wpcf7-form-control-wrap your-name\"><input type=\"text\" name=\"your-name\" value=\"\" size=\"40\" class=\"wpcf7-form-control wpcf7-text wpcf7-validates-as-required\" aria-required=\"true\" aria-invalid=\"false\" placeholder=\"Name\" \/><\/span><\/div>\n<div class=\"fusion-one-half fusion-layout-column fusion-spacing-yes input_email\"><span class=\"wpcf7-form-control-wrap your-email\"><input type=\"email\" name=\"your-email\" value=\"\" size=\"40\" class=\"wpcf7-form-control wpcf7-text wpcf7-email wpcf7-validates-as-required wpcf7-validates-as-email\" aria-required=\"true\" aria-invalid=\"false\" placeholder=\"Email\" \/><\/span><\/div>\n<p><span class=\"wpcf7-form-control-wrap your-message\"><textarea name=\"your-message\" cols=\"40\" rows=\"10\" class=\"wpcf7-form-control wpcf7-textarea\" aria-invalid=\"false\" placeholder=\"Your Message\"><\/textarea><\/span><\/p>\n<p><input type=\"hidden\" name=\"contact_form_7_recaptcha\" value=\"g-recaptcha-vjrVPUcN11s8i5O\" class=\"g-recaptcha-explicit-id\"><div id=\"g-recaptcha-vjrVPUcN11s8i5O\"><\/div><span class=\"wpcf7-form-control-wrap g-recaptcha-explicit\" data-sitekey=\"6LeyOlUUAAAAAG_URH9maM1wu6c6UC1DA6vRuCkK\"><\/span><\/p>\n<p><input type=\"submit\" value=\"Send\" class=\"wpcf7-form-control has-spinner wpcf7-submit\" \/> <\/p>\n<div class=\"wpcf7-response-output\" aria-hidden=\"true\"><\/div><\/form><\/div>\n<\/div><div class=\"fusion-clearfix\"><\/div>\n\n\t\t\t\t\t<\/div>\n\t\t\t\t<\/div><div  class=\"fusion-layout-column fusion_builder_column fusion_builder_column_1_6  fusion-one-sixth fusion-column-last 1_6\"  style='margin-top:0px;margin-bottom:20px;width:13.3333%'>\n\t\t\t\t\t<div class=\"fusion-column-wrapper\" style=\"padding: 0px 0px 0px 0px;background-position:left top;background-repeat:no-repeat;-webkit-background-size:cover;-moz-background-size:cover;-o-background-size:cover;background-size:cover;\"  data-bg-url=\"\">\n\t\t\t\t\t\t<div class=\"fusion-clearfix\"><\/div>\n\n\t\t\t\t\t<\/div>\n\t\t\t\t<\/div><\/div><\/div><\/p>\n","protected":false},"excerpt":{"rendered":"","protected":false},"author":1,"featured_media":0,"parent":0,"menu_order":0,"comment_status":"closed","ping_status":"closed","template":"100-width.php","meta":[],"yoast_head":"<!-- This site is optimized with the Yoast SEO plugin v19.1 - https:\/\/yoast.com\/wordpress\/plugins\/seo\/ -->\n<title>Contact L&#039;Arbre \u00e0 Empreintes - Arbre \u00e0 empreintes<\/title>\n<meta name=\"robots\" content=\"index, follow, max-snippet:-1, max-image-preview:large, max-video-preview:-1\" \/>\n<link rel=\"canonical\" href=\"https:\/\/www.larbreaempreintes.com\/en\/contact\/\" \/>\n<meta property=\"og:locale\" content=\"en_US\" \/>\n<meta property=\"og:type\" content=\"article\" \/>\n<meta property=\"og:title\" content=\"Contact L&#039;Arbre \u00e0 Empreintes - Arbre \u00e0 empreintes\" \/>\n<meta property=\"og:url\" content=\"https:\/\/www.larbreaempreintes.com\/en\/contact\/\" \/>\n<meta property=\"og:site_name\" content=\"L&#039;Arbre \u00e0 Empreintes - Arbre \u00e0 empreintes\" \/>\n<meta property=\"article:publisher\" content=\"https:\/\/www.facebook.com\/larbreaempreintes\" \/>\n<meta property=\"article:modified_time\" content=\"2020-02-12T10:41:59+00:00\" \/>\n<meta name=\"twitter:card\" content=\"summary_large_image\" \/>\n<meta name=\"twitter:site\" content=\"@arbreaempreinte\" \/>\n<meta name=\"twitter:label1\" content=\"Est. reading time\" \/>\n\t<meta name=\"twitter:data1\" content=\"6 minutes\" \/>\n<script type=\"application\/ld+json\" class=\"yoast-schema-graph\">{\"@context\":\"https:\/\/schema.org\",\"@graph\":[{\"@type\":\"Organization\",\"@id\":\"https:\/\/www.larbreaempreintes.com\/#organization\",\"name\":\"L'ARBRE A EMPREINTES\",\"url\":\"https:\/\/www.larbreaempreintes.com\/\",\"sameAs\":[\"https:\/\/www.instagram.com\/larbreaempreintes\/\",\"https:\/\/www.pinterest.fr\/larbreaempreintes\/\",\"https:\/\/www.youtube.com\/channel\/UCXVTayQgFN6wMDads0CkW5Q\",\"https:\/\/www.facebook.com\/larbreaempreintes\",\"https:\/\/twitter.com\/arbreaempreinte\"],\"logo\":{\"@type\":\"ImageObject\",\"inLanguage\":\"en-US\",\"@id\":\"https:\/\/www.larbreaempreintes.com\/#\/schema\/logo\/image\/\",\"url\":\"https:\/\/www.larbreaempreintes.com\/wp-content\/uploads\/2018\/04\/logoArbreaEmpreintes-rond-1-scaled.jpg\",\"contentUrl\":\"https:\/\/www.larbreaempreintes.com\/wp-content\/uploads\/2018\/04\/logoArbreaEmpreintes-rond-1-scaled.jpg\",\"width\":2560,\"height\":2518,\"caption\":\"L'ARBRE A EMPREINTES\"},\"image\":{\"@id\":\"https:\/\/www.larbreaempreintes.com\/#\/schema\/logo\/image\/\"}},{\"@type\":\"WebSite\",\"@id\":\"https:\/\/www.larbreaempreintes.com\/#website\",\"url\":\"https:\/\/www.larbreaempreintes.com\/\",\"name\":\"L&#039;Arbre \u00e0 Empreintes - Arbre \u00e0 empreintes\",\"description\":\"Cr\u00e9ation d&#039;arbre \u00e0 empreintes, arbre \u00e0 empreintes\",\"publisher\":{\"@id\":\"https:\/\/www.larbreaempreintes.com\/#organization\"},\"potentialAction\":[{\"@type\":\"SearchAction\",\"target\":{\"@type\":\"EntryPoint\",\"urlTemplate\":\"https:\/\/www.larbreaempreintes.com\/?s={search_term_string}\"},\"query-input\":\"required name=search_term_string\"}],\"inLanguage\":\"en-US\"},{\"@type\":\"WebPage\",\"@id\":\"https:\/\/www.larbreaempreintes.com\/en\/contact\/#webpage\",\"url\":\"https:\/\/www.larbreaempreintes.com\/en\/contact\/\",\"name\":\"Contact L&#039;Arbre \u00e0 Empreintes - Arbre \u00e0 empreintes\",\"isPartOf\":{\"@id\":\"https:\/\/www.larbreaempreintes.com\/#website\"},\"datePublished\":\"2019-01-22T14:57:55+00:00\",\"dateModified\":\"2020-02-12T10:41:59+00:00\",\"breadcrumb\":{\"@id\":\"https:\/\/www.larbreaempreintes.com\/en\/contact\/#breadcrumb\"},\"inLanguage\":\"en-US\",\"potentialAction\":[{\"@type\":\"ReadAction\",\"target\":[\"https:\/\/www.larbreaempreintes.com\/en\/contact\/\"]}]},{\"@type\":\"BreadcrumbList\",\"@id\":\"https:\/\/www.larbreaempreintes.com\/en\/contact\/#breadcrumb\",\"itemListElement\":[{\"@type\":\"ListItem\",\"position\":1,\"name\":\"Accueil\",\"item\":\"https:\/\/www.larbreaempreintes.com\/en\/\"},{\"@type\":\"ListItem\",\"position\":2,\"name\":\"Contact\"}]}]}<\/script>\n<!-- \/ Yoast SEO plugin. -->","yoast_head_json":{"title":"Contact L&#039;Arbre \u00e0 Empreintes - Arbre \u00e0 empreintes","robots":{"index":"index","follow":"follow","max-snippet":"max-snippet:-1","max-image-preview":"max-image-preview:large","max-video-preview":"max-video-preview:-1"},"canonical":"https:\/\/www.larbreaempreintes.com\/en\/contact\/","og_locale":"en_US","og_type":"article","og_title":"Contact L&#039;Arbre \u00e0 Empreintes - Arbre \u00e0 empreintes","og_url":"https:\/\/www.larbreaempreintes.com\/en\/contact\/","og_site_name":"L&#039;Arbre \u00e0 Empreintes - Arbre \u00e0 empreintes","article_publisher":"https:\/\/www.facebook.com\/larbreaempreintes","article_modified_time":"2020-02-12T10:41:59+00:00","twitter_card":"summary_large_image","twitter_site":"@arbreaempreinte","twitter_misc":{"Est. reading time":"6 minutes"},"schema":{"@context":"https:\/\/schema.org","@graph":[{"@type":"Organization","@id":"https:\/\/www.larbreaempreintes.com\/#organization","name":"L'ARBRE A EMPREINTES","url":"https:\/\/www.larbreaempreintes.com\/","sameAs":["https:\/\/www.instagram.com\/larbreaempreintes\/","https:\/\/www.pinterest.fr\/larbreaempreintes\/","https:\/\/www.youtube.com\/channel\/UCXVTayQgFN6wMDads0CkW5Q","https:\/\/www.facebook.com\/larbreaempreintes","https:\/\/twitter.com\/arbreaempreinte"],"logo":{"@type":"ImageObject","inLanguage":"en-US","@id":"https:\/\/www.larbreaempreintes.com\/#\/schema\/logo\/image\/","url":"https:\/\/www.larbreaempreintes.com\/wp-content\/uploads\/2018\/04\/logoArbreaEmpreintes-rond-1-scaled.jpg","contentUrl":"https:\/\/www.larbreaempreintes.com\/wp-content\/uploads\/2018\/04\/logoArbreaEmpreintes-rond-1-scaled.jpg","width":2560,"height":2518,"caption":"L'ARBRE A EMPREINTES"},"image":{"@id":"https:\/\/www.larbreaempreintes.com\/#\/schema\/logo\/image\/"}},{"@type":"WebSite","@id":"https:\/\/www.larbreaempreintes.com\/#website","url":"https:\/\/www.larbreaempreintes.com\/","name":"L&#039;Arbre \u00e0 Empreintes - Arbre \u00e0 empreintes","description":"Cr\u00e9ation d&#039;arbre \u00e0 empreintes, arbre \u00e0 empreintes","publisher":{"@id":"https:\/\/www.larbreaempreintes.com\/#organization"},"potentialAction":[{"@type":"SearchAction","target":{"@type":"EntryPoint","urlTemplate":"https:\/\/www.larbreaempreintes.com\/?s={search_term_string}"},"query-input":"required name=search_term_string"}],"inLanguage":"en-US"},{"@type":"WebPage","@id":"https:\/\/www.larbreaempreintes.com\/en\/contact\/#webpage","url":"https:\/\/www.larbreaempreintes.com\/en\/contact\/","name":"Contact L&#039;Arbre \u00e0 Empreintes - Arbre \u00e0 empreintes","isPartOf":{"@id":"https:\/\/www.larbreaempreintes.com\/#website"},"datePublished":"2019-01-22T14:57:55+00:00","dateModified":"2020-02-12T10:41:59+00:00","breadcrumb":{"@id":"https:\/\/www.larbreaempreintes.com\/en\/contact\/#breadcrumb"},"inLanguage":"en-US","potentialAction":[{"@type":"ReadAction","target":["https:\/\/www.larbreaempreintes.com\/en\/contact\/"]}]},{"@type":"BreadcrumbList","@id":"https:\/\/www.larbreaempreintes.com\/en\/contact\/#breadcrumb","itemListElement":[{"@type":"ListItem","position":1,"name":"Accueil","item":"https:\/\/www.larbreaempreintes.com\/en\/"},{"@type":"ListItem","position":2,"name":"Contact"}]}]}},"_links":{"self":[{"href":"https:\/\/www.larbreaempreintes.com\/en\/wp-json\/wp\/v2\/pages\/2468"}],"collection":[{"href":"https:\/\/www.larbreaempreintes.com\/en\/wp-json\/wp\/v2\/pages"}],"about":[{"href":"https:\/\/www.larbreaempreintes.com\/en\/wp-json\/wp\/v2\/types\/page"}],"author":[{"embeddable":true,"href":"https:\/\/www.larbreaempreintes.com\/en\/wp-json\/wp\/v2\/users\/1"}],"replies":[{"embeddable":true,"href":"https:\/\/www.larbreaempreintes.com\/en\/wp-json\/wp\/v2\/comments?post=2468"}],"version-history":[{"count":0,"href":"https:\/\/www.larbreaempreintes.com\/en\/wp-json\/wp\/v2\/pages\/2468\/revisions"}],"wp:attachment":[{"href":"https:\/\/www.larbreaempreintes.com\/en\/wp-json\/wp\/v2\/media?parent=2468"}],"curies":[{"name":"wp","href":"https:\/\/api.w.org\/{rel}","templated":true}]}}